{"id":1071,"date":"2021-01-28T12:19:28","date_gmt":"2021-01-28T12:19:28","guid":{"rendered":"http:\/\/tomorrows.cz\/?page_id=1071"},"modified":"2024-05-21T07:42:26","modified_gmt":"2024-05-21T07:42:26","slug":"nase-e-shopy","status":"publish","type":"page","link":"http:\/\/tomorrows.cz\/en\/nase-e-shopy\/","title":{"rendered":"Our E-Shops"},"content":{"rendered":"<div data-colibri-id=\"1071-c1\" class=\"style-867 style-local-1071-c1 position-relative\">\n  <!---->\n  <div data-colibri-component=\"section\" data-colibri-id=\"1071-c2\" id=\"overlappable\" class=\"h-section h-section-global-spacing d-flex align-items-lg-center align-items-md-center align-items-center style-868 style-local-1071-c2 position-relative\">\n    <!---->\n    <!---->\n    <div class=\"h-section-grid-container h-section-boxed-container\">\n      <!---->\n      <div data-colibri-id=\"1071-c3\" class=\"h-row-container gutters-row-lg-2 gutters-row-md-2 gutters-row-0 gutters-row-v-lg-2 gutters-row-v-md-2 gutters-row-v-2 style-882 style-local-1071-c3 position-relative\">\n        <!---->\n        <div class=\"h-row justify-content-lg-center justify-content-md-center justify-content-center align-items-lg-stretch align-items-md-stretch align-items-stretch gutters-col-lg-2 gutters-col-md-2 gutters-col-0 gutters-col-v-lg-2 gutters-col-v-md-2 gutters-col-v-2\">\n          <!---->\n          <div class=\"h-column h-column-container d-flex h-col-lg-auto h-col-md-auto h-col-auto style-883-outer style-local-1071-c4-outer\">\n            <div data-colibri-id=\"1071-c4\" class=\"d-flex h-flex-basis h-column__inner h-px-lg-2 h-px-md-2 h-px-2 v-inner-lg-2 v-inner-md-2 v-inner-2 style-883 style-local-1071-c4 position-relative\">\n              <!---->\n              <!---->\n              <div class=\"w-100 h-y-container h-column__content h-column__v-align flex-basis-100 align-self-lg-start align-self-md-start align-self-start\">\n                <!---->\n                <div data-colibri-id=\"1071-c5\" class=\"style-884 style-local-1071-c5 position-relative h-element\">\n                  <!---->\n                <\/div>\n              <\/div>\n            <\/div>\n          <\/div>\n        <\/div>\n      <\/div>\n      <div data-colibri-id=\"1071-c6\" class=\"h-row-container gutters-row-lg-2 gutters-row-md-2 gutters-row-0 gutters-row-v-lg-2 gutters-row-v-md-2 gutters-row-v-2 style-1039 style-local-1071-c6 position-relative\">\n        <!---->\n        <div class=\"h-row justify-content-lg-center justify-content-md-center justify-content-center align-items-lg-stretch align-items-md-stretch align-items-stretch gutters-col-lg-2 gutters-col-md-2 gutters-col-0 gutters-col-v-lg-2 gutters-col-v-md-2 gutters-col-v-2\">\n          <!---->\n          <div class=\"h-column h-column-container d-flex h-col-lg-auto h-col-md-auto h-col-auto style-1040-outer style-local-1071-c7-outer\">\n            <div data-colibri-id=\"1071-c7\" class=\"d-flex h-flex-basis h-column__inner h-px-lg-2 h-px-md-2 h-px-2 v-inner-lg-2 v-inner-md-2 v-inner-2 style-1040 style-local-1071-c7 position-relative\">\n              <!---->\n              <!---->\n              <div class=\"w-100 h-y-container h-column__content h-column__v-align flex-basis-100 align-self-lg-start align-self-md-start align-self-start\">\n                <!---->\n                <div data-colibri-id=\"1071-c8\" class=\"h-global-transition-all h-heading style-1041 style-local-1071-c8 position-relative h-element\">\n                  <!---->\n                  <div class=\"h-heading__outer style-1041 style-local-1071-c8\">\n                    <!---->\n                    <!---->\n                    <h1 class=\"\">We have been here for you since 2002<\/h1>\n                  <\/div>\n                <\/div>\n                <div data-colibri-id=\"1071-c9\" class=\"h-divider style-1044 style-local-1071-c9 position-relative h-element\">\n                  <!----><span class=\"h-divider__line style-1044-line style-local-1071-c9-line style-1044-line style-local-1071-c9-line\"><\/span> <span class=\"h-svg-icon h-divider__icon style-1044-icon style-local-1071-c9-icon\"><!--Icon by Font Awesome (https:\/\/fontawesome.com)-->\n    <svg version=\"1.1\" xmlns=\"http:\/\/www.w3.org\/2000\/svg\" xmlns:xlink=\"http:\/\/www.w3.org\/1999\/xlink\" id=\"dollar\" viewbox=\"0 0 1128.1586 1896.0833\">\n      <path d=\"M978 1185q0 153-99.5 263.5T620 1585v175q0 14-9 23t-23 9H453q-13 0-22.5-9.5T421 1760v-175q-66-9-127.5-31T192 1509.5t-74-48-46.5-37.5-17.5-18q-17-21-2-41l103-135q7-10 23-12 15-2 24 9l2 2q113 99 243 125 37 8 74 8 81 0 142.5-43t61.5-122q0-28-15-53t-33.5-42-58.5-37.5-66-32-80-32.5q-39-16-61.5-25T349 948.5t-62.5-31T230 882t-53.5-42.5-43.5-49-35.5-58-21-66.5-8.5-78q0-138 98-242t255-134V32q0-13 9.5-22.5T453 0h135q14 0 23 9t9 23v176q57 6 110.5 23t87 33.5T881 302t39 29 15 14q17 18 5 38l-81 146q-8 15-23 16-14 3-27-7-3-3-14.5-12t-39-26.5-58.5-32-74.5-26T537 430q-95 0-155 43t-60 111q0 26 8.5 48t29.5 41.5 39.5 33 56 31 60.5 27 70 27.5q53 20 81 31.5t76 35 75.5 42.5 62 50 53 63.5T965 1091t13 94z\"><\/path>\n    <\/svg><\/span> <span class=\"h-divider__line style-1044-line style-local-1071-c9-line style-1044-line style-local-1071-c9-line\"><\/span><\/div>\n              <\/div>\n            <\/div>\n          <\/div>\n        <\/div>\n      <\/div>\n      <div data-colibri-id=\"1071-c10\" class=\"h-row-container gutters-row-lg-0 gutters-row-md-0 gutters-row-2 gutters-row-v-lg-0 gutters-row-v-md-0 gutters-row-v-2 style-869 style-local-1071-c10 position-relative\">\n        <!---->\n        <div class=\"h-row justify-content-lg-center justify-content-md-center justify-content-center align-items-lg-stretch align-items-md-stretch align-items-stretch gutters-col-lg-0 gutters-col-md-0 gutters-col-2 gutters-col-v-lg-0 gutters-col-v-md-0 gutters-col-v-2\">\n          <!---->\n          <div class=\"h-column h-column-container d-flex h-col-lg-2 h-col-md-2 h-col-12 style-870-outer style-local-1071-c11-outer\">\n            <div data-colibri-id=\"1071-c11\" class=\"d-flex h-flex-basis h-column__inner h-px-lg-3 h-px-md-3 h-px-2 v-inner-lg-3 v-inner-md-3 v-inner-2 style-870 style-local-1071-c11 position-relative\">\n              <!---->\n              <!---->\n              <div class=\"w-100 h-y-container h-column__content h-column__v-align flex-basis-100 align-self-lg-center align-self-md-center align-self-center\">\n                <!---->\n                <div data-colibri-id=\"1071-c12\" class=\"d-block style-1033 style-local-1071-c12 position-relative h-element\">\n                  <!---->\n                  <div class=\"h-image__frame-container-outer\">\n                    <a href=\"https:\/\/www.524wifi.com\/\" h-use-smooth-scroll=\"true\" class=\"image-link\">\n                      <div class=\"h-image__frame-container\">\n                        <!---->\n                        <!---->\n                        <img loading=\"lazy\" decoding=\"async\" width=\"317\" height=\"91\" src=\"http:\/\/tomorrows.cz\/wp-content\/uploads\/2021\/01\/mainlogo.jpg\" class=\"wp-image-1362 style-1033-image style-local-1071-c12-image\" alt=\"\" srcset=\"http:\/\/tomorrows.cz\/wp-content\/uploads\/2021\/01\/mainlogo.jpg 317w, http:\/\/tomorrows.cz\/wp-content\/uploads\/2021\/01\/mainlogo-300x86.jpg 300w, http:\/\/tomorrows.cz\/wp-content\/uploads\/2021\/01\/mainlogo-16x5.jpg 16w\" sizes=\"auto, (max-width: 317px) 100vw, 317px\" \/>\n                        <div class=\"h-image__frame h-hide-lg h-hide-md h-hide-sm style-1033-frameImage style-local-1071-c12-frameImage\"><\/div>\n                      <\/div>\n                    <\/a>\n                  <\/div>\n                <\/div>\n                <div data-colibri-id=\"1071-c13\" class=\"h-global-transition-all h-heading style-872 style-local-1071-c13 position-relative h-element\">\n                  <!---->\n                  <div class=\"h-heading__outer style-872 style-local-1071-c13\">\n                    <!---->\n                    <!---->\n                    <a href=\"https:\/\/www.524wifi.com\" h-use-smooth-scroll=\"true\">\n                      <h5 class=\"\">524wifi.com<\/h5>\n                    <\/a>\n                  <\/div>\n                <\/div>\n                <div data-colibri-id=\"1071-c14\" class=\"h-text h-text-component style-873 style-local-1071-c14 position-relative h-element\">\n                  <!---->\n                  <!---->\n                  <div class=\"\">\n                    <p>Specialized e-shop. Wi-FI and LTE with the best transmission speeds<\/p>\n                  <\/div>\n                <\/div>\n              <\/div>\n            <\/div>\n          <\/div>\n          <div class=\"h-column h-column-container d-flex h-col-lg-2 h-col-md-2 h-col-12 style-870-outer style-local-1071-c15-outer\">\n            <div data-colibri-id=\"1071-c15\" class=\"d-flex h-flex-basis h-column__inner h-px-lg-3 h-px-md-3 h-px-2 v-inner-lg-3 v-inner-md-3 v-inner-2 style-870 style-local-1071-c15 position-relative\">\n              <!---->\n              <!---->\n              <div class=\"w-100 h-y-container h-column__content h-column__v-align flex-basis-100 align-self-lg-center align-self-md-center align-self-center\">\n                <!---->\n                <div data-colibri-id=\"1071-c16\" class=\"d-block style-1034 style-local-1071-c16 position-relative h-element\">\n                  <!---->\n                  <div class=\"h-image__frame-container-outer\">\n                    <a href=\"https:\/\/www.524wifi.net\/\" h-use-smooth-scroll=\"true\" class=\"image-link\">\n                      <div class=\"h-image__frame-container\">\n                        <!---->\n                        <!---->\n                        <img loading=\"lazy\" decoding=\"async\" width=\"268\" height=\"91\" src=\"http:\/\/tomorrows.cz\/wp-content\/uploads\/2021\/01\/mainlogo-1.jpg\" class=\"wp-image-1363 style-1034-image style-local-1071-c16-image\" alt=\"\" srcset=\"http:\/\/tomorrows.cz\/wp-content\/uploads\/2021\/01\/mainlogo-1.jpg 268w, http:\/\/tomorrows.cz\/wp-content\/uploads\/2021\/01\/mainlogo-1-16x5.jpg 16w\" sizes=\"auto, (max-width: 268px) 100vw, 268px\" \/>\n                        <div class=\"h-image__frame h-hide-lg h-hide-md h-hide-sm style-1034-frameImage style-local-1071-c16-frameImage\"><\/div>\n                      <\/div>\n                    <\/a>\n                  <\/div>\n                <\/div>\n                <div data-colibri-id=\"1071-c17\" class=\"h-global-transition-all h-heading style-872 style-local-1071-c17 position-relative h-element\">\n                  <!---->\n                  <div class=\"h-heading__outer style-872 style-local-1071-c17\">\n                    <!---->\n                    <!---->\n                    <a href=\"https:\/\/www.524wifi.eu\" h-use-smooth-scroll=\"true\">\n                      <h5 class=\"\">524wifi.NET<\/h5>\n                    <\/a>\n                  <\/div>\n                <\/div>\n                <div data-colibri-id=\"1071-c18\" class=\"h-text h-text-component style-873 style-local-1071-c18 position-relative h-element\">\n                  <!---->\n                  <!---->\n                  <div class=\"\">\n                    <p>Specializvoan\u00fd EU BLOG a e-shop pro Wi-Fi, LTE a 5G s nejvy\u0161\u0161\u00edmi rychlostmi<\/p>\n                  <\/div>\n                <\/div>\n              <\/div>\n            <\/div>\n          <\/div>\n          <div class=\"h-column h-column-container d-flex h-col-lg-2 h-col-md-2 h-col-12 style-870-outer style-local-1071-c19-outer\">\n            <div data-colibri-id=\"1071-c19\" class=\"d-flex h-flex-basis h-column__inner h-px-lg-3 h-px-md-3 h-px-2 v-inner-lg-3 v-inner-md-3 v-inner-2 style-870 style-local-1071-c19 position-relative\">\n              <!---->\n              <!---->\n              <div class=\"w-100 h-y-container h-column__content h-column__v-align flex-basis-100 align-self-lg-center align-self-md-center align-self-center\">\n                <!---->\n                <div data-colibri-id=\"1071-c20\" class=\"d-block style-1035 style-local-1071-c20 position-relative h-element\">\n                  <!---->\n                  <div class=\"h-image__frame-container-outer\">\n                    <a href=\"http:\/\/www.compexshop.cz\" h-use-smooth-scroll=\"true\" class=\"image-link\">\n                      <div class=\"h-image__frame-container\">\n                        <!---->\n                        <!---->\n                        <img loading=\"lazy\" decoding=\"async\" width=\"101\" height=\"67\" src=\"http:\/\/tomorrows.cz\/wp-content\/uploads\/2021\/01\/cropped-mainlogo.jpg\" class=\"wp-image-1367 style-1035-image style-local-1071-c20-image\" alt=\"\" srcset=\"http:\/\/tomorrows.cz\/wp-content\/uploads\/2021\/01\/cropped-mainlogo.jpg 101w, http:\/\/tomorrows.cz\/wp-content\/uploads\/2021\/01\/cropped-mainlogo-16x12.jpg 16w\" sizes=\"auto, (max-width: 101px) 100vw, 101px\" \/>\n                        <div class=\"h-image__frame h-hide-lg h-hide-md h-hide-sm style-1035-frameImage style-local-1071-c20-frameImage\"><\/div>\n                      <\/div>\n                    <\/a>\n                  <\/div>\n                <\/div>\n                <div data-colibri-id=\"1071-c21\" class=\"h-global-transition-all h-heading style-872 style-local-1071-c21 position-relative h-element\">\n                  <!---->\n                  <div class=\"h-heading__outer style-872 style-local-1071-c21\">\n                    <!---->\n                    <!---->\n                    <a href=\"http:\/\/www.compexshop.cz\/index.php\/language\/cz\" h-use-smooth-scroll=\"true\">\n                      <h5 class=\"\">COMPEXSHOP.cz<\/h5>\n                    <\/a>\n                  <\/div>\n                <\/div>\n                <div data-colibri-id=\"1071-c22\" class=\"h-text h-text-component style-873 style-local-1071-c22 position-relative h-element\">\n                  <!---->\n                  <!---->\n                  <div class=\"\">\n                    <p>Specialized e-shop for Wi-Fi and LTE products from COMPEX and QUECTEL<\/p>\n                  <\/div>\n                <\/div>\n              <\/div>\n            <\/div>\n          <\/div>\n          <div class=\"h-column h-column-container d-flex h-col-lg-2 h-col-md-2 h-col-12 style-874-outer style-local-1071-c23-outer\">\n            <div data-colibri-id=\"1071-c23\" class=\"d-flex h-flex-basis h-column__inner h-px-lg-3 h-px-md-3 h-px-2 v-inner-lg-3 v-inner-md-3 v-inner-2 style-874 style-local-1071-c23 position-relative\">\n              <!---->\n              <!---->\n              <div class=\"w-100 h-y-container h-column__content h-column__v-align flex-basis-100 align-self-lg-center align-self-md-center align-self-center\">\n                <!---->\n                <div data-colibri-id=\"1071-c24\" class=\"d-block style-1036 style-local-1071-c24 position-relative h-element\">\n                  <!---->\n                  <div class=\"h-image__frame-container-outer\">\n                    <a href=\"https:\/\/www.wodasign.net\/\" h-use-smooth-scroll=\"true\" class=\"image-link\">\n                      <div class=\"h-image__frame-container\">\n                        <!---->\n                        <!---->\n                        <img loading=\"lazy\" decoding=\"async\" width=\"2848\" height=\"434\" src=\"http:\/\/tomorrows.cz\/wp-content\/uploads\/2021\/01\/cropped-logo.png\" class=\"wp-image-1364 style-1036-image style-local-1071-c24-image\" alt=\"\" srcset=\"http:\/\/tomorrows.cz\/wp-content\/uploads\/2021\/01\/cropped-logo.png 2848w, http:\/\/tomorrows.cz\/wp-content\/uploads\/2021\/01\/cropped-logo-300x46.png 300w, http:\/\/tomorrows.cz\/wp-content\/uploads\/2021\/01\/cropped-logo-1024x156.png 1024w, http:\/\/tomorrows.cz\/wp-content\/uploads\/2021\/01\/cropped-logo-768x117.png 768w, http:\/\/tomorrows.cz\/wp-content\/uploads\/2021\/01\/cropped-logo-1536x234.png 1536w, http:\/\/tomorrows.cz\/wp-content\/uploads\/2021\/01\/cropped-logo-2048x312.png 2048w, http:\/\/tomorrows.cz\/wp-content\/uploads\/2021\/01\/cropped-logo-16x2.png 16w\" sizes=\"auto, (max-width: 2848px) 100vw, 2848px\" \/>\n                        <div class=\"h-image__frame h-hide-lg h-hide-md h-hide-sm style-1036-frameImage style-local-1071-c24-frameImage\"><\/div>\n                      <\/div>\n                    <\/a>\n                  <\/div>\n                <\/div>\n                <div data-colibri-id=\"1071-c25\" class=\"h-global-transition-all h-heading style-872 style-local-1071-c25 position-relative h-element\">\n                  <!---->\n                  <div class=\"h-heading__outer style-872 style-local-1071-c25\">\n                    <!---->\n                    <!---->\n                    <a href=\"https:\/\/www.wodasign.net\/cs\/\" h-use-smooth-scroll=\"true\">\n                      <h5 class=\"\">WodasOUND<\/h5>\n                    <\/a>\n                  <\/div>\n                <\/div>\n                <div data-colibri-id=\"1071-c26\" class=\"h-text h-text-component style-880 style-local-1071-c26 position-relative h-element\">\n                  <!---->\n                  <!---->\n                  <div class=\"\">\n                    <p>Smart, tuned multimedia products - speakers, headphones, car radios\u2026<\/p>\n                  <\/div>\n                <\/div>\n              <\/div>\n            <\/div>\n          <\/div>\n          <div class=\"h-column h-column-container d-flex h-col-lg-2 h-col-md-2 h-col-12 style-885-outer style-local-1071-c27-outer\">\n            <div data-colibri-id=\"1071-c27\" class=\"d-flex h-flex-basis h-column__inner h-px-lg-3 h-px-md-3 h-px-3 v-inner-lg-3 v-inner-md-3 v-inner-3 style-885 style-local-1071-c27 position-relative\">\n              <!---->\n              <!---->\n              <div class=\"w-100 h-y-container h-column__content h-column__v-align flex-basis-100 align-self-lg-center align-self-md-center align-self-center\">\n                <!---->\n                <div data-colibri-id=\"1071-c28\" class=\"d-block style-1037 style-local-1071-c28 position-relative h-element\">\n                  <!---->\n                  <div class=\"h-image__frame-container-outer\">\n                    <a href=\"https:\/\/www.wodasport.com\/\" h-use-smooth-scroll=\"true\" class=\"image-link\">\n                      <div class=\"h-image__frame-container\">\n                        <!---->\n                        <!---->\n                        <img loading=\"lazy\" decoding=\"async\" width=\"2850\" height=\"315\" src=\"http:\/\/tomorrows.cz\/wp-content\/uploads\/2021\/01\/wodasport1.png\" class=\"wp-image-1366 style-1037-image style-local-1071-c28-image\" alt=\"\" srcset=\"http:\/\/tomorrows.cz\/wp-content\/uploads\/2021\/01\/wodasport1.png 2850w, http:\/\/tomorrows.cz\/wp-content\/uploads\/2021\/01\/wodasport1-300x33.png 300w, http:\/\/tomorrows.cz\/wp-content\/uploads\/2021\/01\/wodasport1-1024x113.png 1024w, http:\/\/tomorrows.cz\/wp-content\/uploads\/2021\/01\/wodasport1-768x85.png 768w, http:\/\/tomorrows.cz\/wp-content\/uploads\/2021\/01\/wodasport1-1536x170.png 1536w, http:\/\/tomorrows.cz\/wp-content\/uploads\/2021\/01\/wodasport1-2048x226.png 2048w, http:\/\/tomorrows.cz\/wp-content\/uploads\/2021\/01\/wodasport1-16x2.png 16w\" sizes=\"auto, (max-width: 2850px) 100vw, 2850px\" \/>\n                        <div class=\"h-image__frame h-hide-lg h-hide-md h-hide-sm style-1037-frameImage style-local-1071-c28-frameImage\"><\/div>\n                      <\/div>\n                    <\/a>\n                  <\/div>\n                <\/div>\n                <div data-colibri-id=\"1071-c29\" class=\"h-global-transition-all h-heading style-879 style-local-1071-c29 position-relative h-element\">\n                  <!---->\n                  <div class=\"h-heading__outer style-879 style-local-1071-c29\">\n                    <!---->\n                    <!---->\n                    <a href=\"http:\/\/wodasport.com\/\" h-use-smooth-scroll=\"true\">\n                      <h5 class=\"\">Wodasport<\/h5>\n                    <\/a>\n                  <\/div>\n                <\/div>\n                <div data-colibri-id=\"1071-c30\" class=\"h-text h-text-component style-880 style-local-1071-c30 position-relative h-element\">\n                  <!---->\n                  <!---->\n                  <div class=\"\">\n                    <p>Outdoor smart solar powerbanks and audio products made with the highest quality materials<\/p>\n                  <\/div>\n                <\/div>\n              <\/div>\n            <\/div>\n          <\/div>\n          <div class=\"h-column h-column-container d-flex h-col-lg-2 h-col-md-2 h-col-12 style-886-outer style-local-1071-c31-outer\">\n            <div data-colibri-id=\"1071-c31\" class=\"d-flex h-flex-basis h-column__inner h-px-lg-3 h-px-md-3 h-px-3 v-inner-lg-3 v-inner-md-3 v-inner-3 style-886 style-local-1071-c31 position-relative\">\n              <!---->\n              <!---->\n              <div class=\"w-100 h-y-container h-column__content h-column__v-align flex-basis-100 align-self-lg-center align-self-md-center align-self-center\">\n                <!---->\n                <div data-colibri-id=\"1071-c32\" class=\"d-block style-1038 style-local-1071-c32 position-relative h-element\">\n                  <!---->\n                  <div class=\"h-image__frame-container-outer\">\n                    <a href=\"https:\/\/www.wodaplug.eu\/\" h-use-smooth-scroll=\"true\" class=\"image-link\">\n                      <div class=\"h-image__frame-container\">\n                        <!---->\n                        <!---->\n                        <img loading=\"lazy\" decoding=\"async\" width=\"5195\" height=\"994\" src=\"http:\/\/tomorrows.cz\/wp-content\/uploads\/2021\/01\/Wodaplug.com-logo-design-final-file.png\" class=\"wp-image-1365 style-1038-image style-local-1071-c32-image\" alt=\"\" srcset=\"http:\/\/tomorrows.cz\/wp-content\/uploads\/2021\/01\/Wodaplug.com-logo-design-final-file.png 5195w, http:\/\/tomorrows.cz\/wp-content\/uploads\/2021\/01\/Wodaplug.com-logo-design-final-file-300x57.png 300w, http:\/\/tomorrows.cz\/wp-content\/uploads\/2021\/01\/Wodaplug.com-logo-design-final-file-1024x196.png 1024w, http:\/\/tomorrows.cz\/wp-content\/uploads\/2021\/01\/Wodaplug.com-logo-design-final-file-768x147.png 768w, http:\/\/tomorrows.cz\/wp-content\/uploads\/2021\/01\/Wodaplug.com-logo-design-final-file-1536x294.png 1536w, http:\/\/tomorrows.cz\/wp-content\/uploads\/2021\/01\/Wodaplug.com-logo-design-final-file-2048x392.png 2048w, http:\/\/tomorrows.cz\/wp-content\/uploads\/2021\/01\/Wodaplug.com-logo-design-final-file-16x3.png 16w\" sizes=\"auto, (max-width: 5195px) 100vw, 5195px\" \/>\n                        <div class=\"h-image__frame h-hide-lg h-hide-md h-hide-sm style-1038-frameImage style-local-1071-c32-frameImage\"><\/div>\n                      <\/div>\n                    <\/a>\n                  <\/div>\n                <\/div>\n                <div data-colibri-id=\"1071-c33\" class=\"h-global-transition-all h-heading style-879 style-local-1071-c33 position-relative h-element\">\n                  <!---->\n                  <div class=\"h-heading__outer style-879 style-local-1071-c33\">\n                    <!---->\n                    <!---->\n                    <a href=\"https:\/\/www.wodaplug.eu\" h-use-smooth-scroll=\"true\">\n                      <h5 class=\"\">Wodaplug<\/h5>\n                    <\/a>\n                  <\/div>\n                <\/div>\n                <div data-colibri-id=\"1071-c34\" class=\"h-text h-text-component style-880 style-local-1071-c34 position-relative h-element\">\n                  <!---->\n                  <!---->\n                  <div class=\"\">\n                    <p>Solutions for Internet distribution via coaxial cable and passive optical network EPON. New LTE 4G and 5G routers.<\/p>\n                  <\/div>\n                <\/div>\n              <\/div>\n            <\/div>\n          <\/div>\n        <\/div>\n      <\/div>\n    <\/div>\n  <\/div>\n<\/div>","protected":false},"excerpt":{"rendered":"<p>Jsme tu pro V\u00e1s ji\u017e od roku 2002 524wifi.com Specializovan\u00fd e-shop Wi-FI a LTE s nejlep\u0161\u00edmi p\u0159enosov\u00fdmi rychlostmi 524wifi.NET Specializvoan\u00fd EU BLOG a e-shop pro Wi-Fi, LTE a 5G s nejvy\u0161\u0161\u00edmi rychlostmi COMPEXSHOP.cz Specializvoan\u00fd e-shop pro Wi-Fi a LTE produkty od firem COMPEX a QUECTEL WodasOUND Chytr\u00e9, lad\u011bn\u00e9 multimedi\u00e1ln\u00ed produkty &#8211; reproduktory, sluch\u00e1tka, autor\u00e1dia &#8230; [&hellip;]<\/p>\n","protected":false},"author":2,"featured_media":0,"parent":0,"menu_order":0,"comment_status":"closed","ping_status":"closed","template":"page-templates\/full-width-page.php","meta":{"_coblocks_attr":"","_coblocks_dimensions":"","_coblocks_responsive_height":"","_coblocks_accordion_ie_support":"","footnotes":""},"class_list":["post-1071","page","type-page","status-publish","hentry"],"_links":{"self":[{"href":"http:\/\/tomorrows.cz\/en\/wp-json\/wp\/v2\/pages\/1071","targetHints":{"allow":["GET"]}}],"collection":[{"href":"http:\/\/tomorrows.cz\/en\/wp-json\/wp\/v2\/pages"}],"about":[{"href":"http:\/\/tomorrows.cz\/en\/wp-json\/wp\/v2\/types\/page"}],"author":[{"embeddable":true,"href":"http:\/\/tomorrows.cz\/en\/wp-json\/wp\/v2\/users\/2"}],"replies":[{"embeddable":true,"href":"http:\/\/tomorrows.cz\/en\/wp-json\/wp\/v2\/comments?post=1071"}],"version-history":[{"count":20,"href":"http:\/\/tomorrows.cz\/en\/wp-json\/wp\/v2\/pages\/1071\/revisions"}],"predecessor-version":[{"id":1620,"href":"http:\/\/tomorrows.cz\/en\/wp-json\/wp\/v2\/pages\/1071\/revisions\/1620"}],"wp:attachment":[{"href":"http:\/\/tomorrows.cz\/en\/wp-json\/wp\/v2\/media?parent=1071"}],"curies":[{"name":"wp","href":"https:\/\/api.w.org\/{rel}","templated":true}]}}