{"id":13,"date":"2020-12-08T10:47:03","date_gmt":"2020-12-08T10:47:03","guid":{"rendered":"http:\/\/tomorrows.cz\/services\/"},"modified":"2021-02-04T11:19:37","modified_gmt":"2021-02-04T11:19:37","slug":"services","status":"publish","type":"page","link":"http:\/\/tomorrows.cz\/en\/services\/","title":{"rendered":"Service"},"content":{"rendered":"<div data-colibri-id=\"13-c1\" class=\"style-451 style-local-13-c1 position-relative\">\n  <!---->\n  <div data-colibri-component=\"section\" data-colibri-id=\"13-c2\" id=\"about\" class=\"h-section h-section-global-spacing d-flex align-items-lg-center align-items-md-center align-items-center style-456 style-local-13-c2 position-relative\">\n    <!---->\n    <!---->\n    <div class=\"h-section-grid-container h-section-boxed-container\">\n      <!---->\n      <div data-colibri-id=\"13-c3\" class=\"h-row-container gutters-row-lg-2 gutters-row-md-2 gutters-row-0 gutters-row-v-lg-2 gutters-row-v-md-2 gutters-row-v-2 style-485 style-local-13-c3 position-relative\">\n        <!---->\n        <div class=\"h-row justify-content-lg-center justify-content-md-center justify-content-center align-items-lg-stretch align-items-md-stretch align-items-stretch gutters-col-lg-2 gutters-col-md-2 gutters-col-0 gutters-col-v-lg-2 gutters-col-v-md-2 gutters-col-v-2\">\n          <!---->\n          <div class=\"h-column h-column-container d-flex h-col-lg-auto h-col-md-auto h-col-auto style-486-outer style-local-13-c4-outer\">\n            <div data-colibri-id=\"13-c4\" class=\"d-flex h-flex-basis h-column__inner h-px-lg-2 h-px-md-2 h-px-2 v-inner-lg-2 v-inner-md-2 v-inner-2 style-486 style-local-13-c4 position-relative\">\n              <!---->\n              <!---->\n              <div class=\"w-100 h-y-container h-column__content h-column__v-align flex-basis-100 align-self-lg-start align-self-md-start align-self-start\">\n                <!---->\n                <div data-colibri-id=\"13-c5\" class=\"h-global-transition-all h-heading style-484 style-local-13-c5 position-relative h-element\">\n                  <!---->\n                  <div class=\"h-heading__outer style-484 style-local-13-c5\">\n                    <!---->\n                    <!---->\n                    <h1 class=\"\">Verified quality service for more than 20 years<\/h1>\n                  <\/div>\n                <\/div>\n                <div data-colibri-id=\"13-c6\" class=\"h-text h-text-component style-487 style-local-13-c6 position-relative h-element\">\n                  <!---->\n                  <!---->\n                  <div class=\"\">\n                    <p><span style=\"color: rgb(70, 112, 127); font-family: &quot;Open Sans&quot;; font-size: 16px; font-weight: 400;\">Our qualified technicians do their job on a professional level. Proper connection will ensure impermeable and high quality hardware for tripleplay internet services.<\/span><\/p>\n                  <\/div>\n                <\/div>\n              <\/div>\n            <\/div>\n          <\/div>\n        <\/div>\n      <\/div>\n      <div data-colibri-id=\"13-c7\" class=\"h-row-container gutters-row-lg-0 gutters-row-md-0 gutters-row-0 gutters-row-v-lg-0 gutters-row-v-md-0 gutters-row-v-0 style-457 style-local-13-c7 position-relative\">\n        <!---->\n        <div class=\"h-row justify-content-lg-center justify-content-md-center justify-content-center align-items-lg-stretch align-items-md-stretch align-items-stretch gutters-col-lg-0 gutters-col-md-0 gutters-col-0 gutters-col-v-lg-0 gutters-col-v-md-0 gutters-col-v-0\">\n          <!---->\n          <div class=\"h-column h-column-container d-flex h-col-lg-auto h-col-md-auto h-col-auto style-458-outer style-local-13-c8-outer\">\n            <div data-colibri-id=\"13-c8\" class=\"d-flex h-flex-basis h-column__inner h-px-lg-0 h-px-md-0 h-px-0 v-inner-lg-0 v-inner-md-0 v-inner-0 style-458 style-local-13-c8 position-relative\">\n              <!---->\n              <!---->\n              <div class=\"w-100 h-y-container h-column__content h-column__v-align flex-basis-100 align-self-lg-start align-self-md-start align-self-start\">\n                <!---->\n                <div data-colibri-id=\"13-c9\" class=\"h-global-transition-all h-heading style-460 style-local-13-c9 position-relative h-element\">\n                  <!---->\n                  <div class=\"h-heading__outer style-460 style-local-13-c9\">\n                    <!---->\n                    <!---->\n                    <h2 class=\"\">Tomorrows datarestore<\/h2>\n                  <\/div>\n                <\/div>\n                <div data-colibri-id=\"13-c10\" class=\"h-text h-text-component style-461 style-local-13-c10 position-relative h-element\">\n                  <!---->\n                  <!---->\n                  <div class=\"\">\n                    <p>We professionally sanitize data on all types of media (from IDE hard disks, SCSI, from disks connected in RAID arrays, backup tapes, magneto-optical media, floppy disks, ZIP, JAZ, Bernoulli, CD, DVD), we operate on: MS (FAT, NTFS - all forms), UNIX, LINUX (EXT, EXT2, EXT 3), APPLE (HSF, HSF +), Novell (NVFS-all varieties, NSS), OS \/ 2 (HPFS), AMIGA (IFS), most encrypted FS (if it is not a mechanically damaged data layer).<\/p>\n                  <\/div>\n                <\/div>\n              <\/div>\n            <\/div>\n          <\/div>\n          <div class=\"h-column h-column-container d-flex h-col-lg-auto h-col-md-auto h-col-auto style-462-outer style-local-13-c11-outer\">\n            <div data-colibri-id=\"13-c11\" class=\"d-flex h-flex-basis h-column__inner h-ui-empty-state-container h-px-lg-2 h-px-md-2 h-px-2 v-inner-lg-2 v-inner-md-2 v-inner-2 style-462 style-local-13-c11 position-relative\">\n              <!---->\n              <!---->\n              <div class=\"w-100 h-y-container h-column__content h-column__v-align flex-basis-100\">\n                <!---->\n              <\/div>\n            <\/div>\n          <\/div>\n        <\/div>\n      <\/div>\n    <\/div>\n  <\/div>\n  <div data-colibri-component=\"section\" data-colibri-id=\"13-c12\" id=\"about-2\" class=\"h-section h-section-global-spacing d-flex align-items-lg-center align-items-md-center align-items-center style-463 style-local-13-c12 position-relative\">\n    <!---->\n    <!---->\n    <div class=\"h-section-grid-container h-section-boxed-container\">\n      <!---->\n      <div data-colibri-id=\"13-c13\" class=\"h-row-container gutters-row-lg-0 gutters-row-md-0 gutters-row-0 gutters-row-v-lg-0 gutters-row-v-md-0 gutters-row-v-0 style-464 style-local-13-c13 position-relative\">\n        <!---->\n        <div class=\"h-row justify-content-lg-center justify-content-md-center justify-content-center align-items-lg-stretch align-items-md-stretch align-items-stretch gutters-col-lg-0 gutters-col-md-0 gutters-col-0 gutters-col-v-lg-0 gutters-col-v-md-0 gutters-col-v-0\">\n          <!---->\n          <div class=\"h-column h-column-container d-flex h-col-lg-auto h-col-md-auto h-col-auto style-465-outer style-local-13-c14-outer\">\n            <div data-colibri-id=\"13-c14\" class=\"d-flex h-flex-basis h-column__inner h-ui-empty-state-container h-px-lg-0 h-px-md-0 h-px-0 v-inner-lg-0 v-inner-md-0 v-inner-0 style-465 style-local-13-c14 position-relative\">\n              <!---->\n              <!---->\n              <div class=\"w-100 h-y-container h-column__content h-column__v-align flex-basis-100\">\n                <!---->\n              <\/div>\n            <\/div>\n          <\/div>\n          <div class=\"h-column h-column-container d-flex h-col-lg-auto h-col-md-auto h-col-auto style-466-outer style-local-13-c15-outer\">\n            <div data-colibri-id=\"13-c15\" class=\"d-flex h-flex-basis h-column__inner h-px-lg-2 h-px-md-2 h-px-2 v-inner-lg-2 v-inner-md-2 v-inner-2 style-466 style-local-13-c15 position-relative\">\n              <!---->\n              <!---->\n              <div class=\"w-100 h-y-container h-column__content h-column__v-align flex-basis-100 align-self-lg-start align-self-md-start align-self-start\">\n                <!---->\n                <div data-colibri-id=\"13-c16\" class=\"h-global-transition-all h-heading style-468 style-local-13-c16 position-relative h-element\">\n                  <!---->\n                  <div class=\"h-heading__outer style-468 style-local-13-c16\">\n                    <!---->\n                    <!---->\n                    <h2 class=\"\">Tomorrows data transfer<\/h2>\n                  <\/div>\n                <\/div>\n                <div data-colibri-id=\"13-c17\" class=\"h-text h-text-component style-469 style-local-13-c17 position-relative h-element\">\n                  <!---->\n                  <!---->\n                  <div class=\"\">\n                    <p>We offer consultations in the field of data transmission and distribution of Internet services for end customers. Our HW offers solutions for demanding and atypical data networks WiFi, EPON and EOC - Internet via coaxial cable. Our WiFi modules are popular for professional WiFi hotspots and Internet-type applications for passengers or for demanding data video transmissions and industrial applications.<\/p>\n                  <\/div>\n                <\/div>\n              <\/div>\n            <\/div>\n          <\/div>\n        <\/div>\n      <\/div>\n    <\/div>\n  <\/div>\n  <div data-colibri-component=\"section\" data-colibri-id=\"13-c18\" id=\"about-3\" class=\"h-section h-section-global-spacing d-flex align-items-lg-center align-items-md-center align-items-center style-470 style-local-13-c18 position-relative\">\n    <!---->\n    <!---->\n    <div class=\"h-section-grid-container h-section-boxed-container\">\n      <!---->\n      <div data-colibri-id=\"13-c19\" class=\"h-row-container gutters-row-lg-2 gutters-row-md-2 gutters-row-0 gutters-row-v-lg-2 gutters-row-v-md-2 gutters-row-v-2 style-496 style-local-13-c19 position-relative\">\n        <!---->\n        <div class=\"h-row justify-content-lg-center justify-content-md-center justify-content-center align-items-lg-stretch align-items-md-stretch align-items-stretch gutters-col-lg-2 gutters-col-md-2 gutters-col-0 gutters-col-v-lg-2 gutters-col-v-md-2 gutters-col-v-2\">\n          <!---->\n          <div class=\"h-column h-column-container d-flex h-col-lg-auto h-col-md-auto h-col-auto style-497-outer style-local-13-c20-outer\">\n            <div data-colibri-id=\"13-c20\" class=\"d-flex h-flex-basis h-column__inner h-px-lg-2 h-px-md-2 h-px-2 v-inner-lg-2 v-inner-md-2 v-inner-2 style-497 style-local-13-c20 position-relative\">\n              <!---->\n              <!---->\n              <div class=\"w-100 h-y-container h-column__content h-column__v-align flex-basis-100 align-self-lg-start align-self-md-start align-self-start\">\n                <!---->\n                <div data-colibri-id=\"13-c21\" class=\"h-global-transition-all h-heading style-493 style-local-13-c21 position-relative h-element\">\n                  <!---->\n                  <div class=\"h-heading__outer style-493 style-local-13-c21\">\n                    <!---->\n                    <!---->\n                    <h1 class=\"\">Treat yourself with quality goods for reasonable prices<\/h1>\n                  <\/div>\n                <\/div>\n              <\/div>\n            <\/div>\n          <\/div>\n        <\/div>\n      <\/div>\n      <div data-colibri-id=\"13-c22\" class=\"h-row-container gutters-row-lg-2 gutters-row-md-2 gutters-row-2 gutters-row-v-lg-2 gutters-row-v-md-2 gutters-row-v-2 style-471 style-local-13-c22 position-relative\">\n        <!---->\n        <div class=\"h-row justify-content-lg-center justify-content-md-center justify-content-center align-items-lg-stretch align-items-md-stretch align-items-stretch gutters-col-lg-2 gutters-col-md-2 gutters-col-2 gutters-col-v-lg-2 gutters-col-v-md-2 gutters-col-v-2\">\n          <!---->\n          <div class=\"h-column h-column-container d-flex h-col-lg-auto h-col-md-auto h-col-auto style-472-outer style-local-13-c23-outer\">\n            <div data-colibri-id=\"13-c23\" class=\"d-flex h-flex-basis h-column__inner h-px-lg-2 h-px-md-2 h-px-2 v-inner-lg-2 v-inner-md-2 v-inner-2 style-472 style-local-13-c23 position-relative\">\n              <!---->\n              <!---->\n              <div class=\"w-100 h-y-container h-column__content h-column__v-align flex-basis-100 align-self-lg-center align-self-md-center align-self-center\">\n                <!---->\n                <div data-colibri-id=\"13-c24\" class=\"h-global-transition-all h-heading style-474 style-local-13-c24 position-relative h-element\">\n                  <!---->\n                  <div class=\"h-heading__outer style-474 style-local-13-c24\">\n                    <!---->\n                    <!---->\n                    <h2 class=\"\">Tomorrows Trade<\/h2>\n                  <\/div>\n                <\/div>\n                <div data-colibri-id=\"13-c25\" class=\"h-text h-text-component style-475 style-local-13-c25 position-relative h-element\">\n                  <!---->\n                  <!---->\n                  <div class=\"\">\n                    <p>deals with the development, sale, service and demonstration of the latest IT technologies. We offer tuned special editions of speakers, EarBuds headphones, power systems and a smart multimedia center \/ car radio for your car with its own firmware, state-of-the-art solar power banks. Several Heureka Product of the Year awards, Reddot design award and more !!! Tradition since 2002 The best sound, endurance and mobility in its category! Sound tuned series for 2021! New products for the Czech Republic every year!<\/p>\n                  <\/div>\n                <\/div>\n              <\/div>\n            <\/div>\n          <\/div>\n          <div class=\"h-column h-column-container d-flex h-col-lg-auto h-col-md-auto h-col-auto style-478-outer style-local-13-c26-outer\">\n            <div data-colibri-id=\"13-c26\" class=\"d-flex h-flex-basis h-column__inner h-px-lg-2 h-px-md-2 h-px-2 v-inner-lg-2 v-inner-md-2 v-inner-2 style-478 style-local-13-c26 position-relative\">\n              <!---->\n              <!---->\n              <div class=\"w-100 h-y-container h-column__content h-column__v-align flex-basis-100 align-self-lg-center align-self-md-center align-self-center\">\n                <!---->\n                <div data-colibri-id=\"13-c27\" class=\"d-block style-479 style-local-13-c27 position-relative h-element\">\n                  <!---->\n                  <div class=\"h-image__frame-container-outer\">\n                    <div class=\"h-image__frame-container\">\n                      <!---->\n                      <!---->\n                      <img loading=\"lazy\" decoding=\"async\" width=\"900\" height=\"600\" src=\"http:\/\/tomorrows.cz\/wp-content\/uploads\/2021\/01\/Vietnam-trade-1.jpg\" class=\"wp-image-497 style-479-image style-local-13-c27-image\" alt=\"\" srcset=\"http:\/\/tomorrows.cz\/wp-content\/uploads\/2021\/01\/Vietnam-trade-1.jpg 900w, http:\/\/tomorrows.cz\/wp-content\/uploads\/2021\/01\/Vietnam-trade-1-300x200.jpg 300w, http:\/\/tomorrows.cz\/wp-content\/uploads\/2021\/01\/Vietnam-trade-1-768x512.jpg 768w, http:\/\/tomorrows.cz\/wp-content\/uploads\/2021\/01\/Vietnam-trade-1-16x12.jpg 16w\" sizes=\"auto, (max-width: 900px) 100vw, 900px\" \/>\n                      <div class=\"h-image__frame h-hide-sm style-479-frameImage style-local-13-c27-frameImage\"><\/div>\n                    <\/div>\n                  <\/div>\n                <\/div>\n              <\/div>\n            <\/div>\n          <\/div>\n        <\/div>\n      <\/div>\n    <\/div>\n  <\/div>\n<\/div>","protected":false},"excerpt":{"rendered":"<p>Ov\u011b\u0159en\u00e9 a kvalitn\u00ed slu\u017eby ji\u017e 20let Na\u0161i kvalifikovan\u00ed technici d\u011blaj\u00ed svou pr\u00e1ci na profesion\u00e1ln\u00ed \u00farovni. Spr\u00e1vn\u00e9 p\u0159ipojen\u00ed V\u00e1m zajist\u00ed nepropustn\u00e9 a vysoce kvalitn\u00ed hardware pro tripleplay internetov\u00e9 slu\u017eby. Tomorrows datarestore Odborn\u011b zachra\u0148ujeme data na v\u0161ech typech nosi\u010d\u016f (z pevn\u00fdch disk\u016f IDE is SATA, SCSI, z disk\u016f zapojen\u00fdch v RAID pol\u00edch, z\u00e1lohovac\u00ed p\u00e1sky, magnetooptick\u00e1 m\u00e9dia, Diskety, [&hellip;]<\/p>\n","protected":false},"author":1,"featured_media":0,"parent":0,"menu_order":0,"comment_status":"closed","ping_status":"closed","template":"page-templates\/full-width-page.php","meta":{"_coblocks_attr":"","_coblocks_dimensions":"","_coblocks_responsive_height":"{\"coblocks-shape-divider-0510517641\":{\"shapeHeight\":{\"height\":100}}}","_coblocks_accordion_ie_support":"","footnotes":""},"class_list":["post-13","page","type-page","status-publish","hentry"],"_links":{"self":[{"href":"http:\/\/tomorrows.cz\/en\/wp-json\/wp\/v2\/pages\/13","targetHints":{"allow":["GET"]}}],"collection":[{"href":"http:\/\/tomorrows.cz\/en\/wp-json\/wp\/v2\/pages"}],"about":[{"href":"http:\/\/tomorrows.cz\/en\/wp-json\/wp\/v2\/types\/page"}],"author":[{"embeddable":true,"href":"http:\/\/tomorrows.cz\/en\/wp-json\/wp\/v2\/users\/1"}],"replies":[{"embeddable":true,"href":"http:\/\/tomorrows.cz\/en\/wp-json\/wp\/v2\/comments?post=13"}],"version-history":[{"count":20,"href":"http:\/\/tomorrows.cz\/en\/wp-json\/wp\/v2\/pages\/13\/revisions"}],"predecessor-version":[{"id":1501,"href":"http:\/\/tomorrows.cz\/en\/wp-json\/wp\/v2\/pages\/13\/revisions\/1501"}],"wp:attachment":[{"href":"http:\/\/tomorrows.cz\/en\/wp-json\/wp\/v2\/media?parent=13"}],"curies":[{"name":"wp","href":"https:\/\/api.w.org\/{rel}","templated":true}]}}