{"id":183,"date":"2021-01-07T10:28:59","date_gmt":"2021-01-07T10:28:59","guid":{"rendered":"http:\/\/tomorrows.cz\/?page_id=183"},"modified":"2021-01-28T12:17:50","modified_gmt":"2021-01-28T12:17:50","slug":"zachrana-dat","status":"publish","type":"page","link":"http:\/\/tomorrows.cz\/en\/zachrana-dat\/","title":{"rendered":"Data recovery"},"content":{"rendered":"<h2 class=\"has-text-align-center wp-block-heading\">Data save procedures<\/h2>\n\n\n\n<hr class=\"wp-block-separator aligncenter has-text-color has-background has-colibri-color-2-background-color has-colibri-color-2-color is-style-default\"\/>\n\n\n\n<h3 class=\"wp-block-heading\">1. DIAGNOSTICS<\/h3>\n\n\n\n<p>Defective media diagnostics will determine the defect, the time required and the price for recovering the required data. You will be informed about the result of the diagnosis by calling on the phone number of your choice within two hours from submission of the medium for diagnosis. (diagnostics within 2 hours only when handed over at the headquarters)<\/p>\n\n\n\n<h3 class=\"wp-block-heading\">2. DATA RECOVERY<\/h3>\n\n\n\n<p>We will rescue your data immediately after agreeing on the price and the time needed to save them. If the set time is too long for you, you have the opportunity to choose one of our express-fast options. If time does not matter to you and it is more of a price, we have the EcoHelp mode ready for you. If you do not select the execution mode, the order is executed in DATAHELP mode by default.<\/p>\n\n\n\n<h3 class=\"wp-block-heading\">3. CHECKING SAVED DATA<\/h3>\n\n\n\n<p>After successful data recovery, you have the option to check the data before copying it to new media. We will send you a File list to e-mail address of your choice, where you can check whether the data we have saved is the one you want.<\/p>\n\n\n\n<h3 class=\"wp-block-heading\">4. COPYING<\/h3>\n\n\n\n<p>After checking and possible selection of data, it will be copied to the data medium of your choice. CDs and DVDs are provided free of charge in two pieces. It is also possible to lend you a media (for a financial deposit) or to download data from our FTP server.<\/p>\n\n\n\n<h3 class=\"wp-block-heading\">5. DATA TRANSMISSION<\/h3>\n\n\n\n<p>We will inform you by phone or e-mail about the end of data recovery. Depending on your choice, you will be able to pick up the recovered data in person or it will be sent to the specified shipping address.<\/p>\n\n\n\n<h3 class=\"wp-block-heading\">6. PAYMENT ONLY IN CASE OF SUCCESSFUL DATA RECOVERY.<\/h3>\n\n\n\n<h3 class=\"wp-block-heading\">WHY DATAHELP<\/h3>\n\n\n\n<p>Free collection and diagnostics<\/p>\n\n\n\n<p>You only pay for successful data recovery<\/p>\n\n\n\n<p>High success rate<\/p>\n\n\n\n<p>Experience since 2002<\/p>\n\n\n\n<p>We can also do Apple (iPhone, iPad, iMac, Macbook)<\/p>\n\n\n\n<p>We are platform independent: Android, Win, Linux, Novell, Mac OS<\/p>\n\n\n\n<h3 class=\"wp-block-heading\">DATA RESCUE FROM ALL TYPES OF DATA MEDIA<\/h3>\n\n\n\n<ul class=\"wp-block-list\"><li>hard disk, external disk<\/li><li>SD memory card, flash drive (USB)<\/li><li>internal memory of phone, tablet (Android, iOS)<\/li><li>iPhone, iPad, MacBook, iMac (Apple)<\/li><li>RAID array<\/li><li>NAS storage<\/li><\/ul>\n\n\n\n<h3 class=\"wp-block-heading\">DATA RECOVERY - SUCCESS DEPENDS ON THE CAUSE OF DATA LOSS<\/h3>\n\n\n\n<p>However, data loss from damaged media may not be definitive,&nbsp;<strong>a well-executed recovery is likely to succeed in the event of early intervention<\/strong>. There can be several causes of malfunction:<\/p>\n\n\n\n<ul class=\"wp-block-list\"><li>Physical damage (defective sectors on the disc, seized bearings, damage to the disc plates, electric shock damage,<\/li><li>Software causes that often involve file system corruption, operating system crashes, or virus infection.<\/li><\/ul>\n\n\n\n<p>But there are many more causes, each failure is unique in its own way and is preceded by various damage. Early detection of media failures and choosing the right course of action will significantly increase your chances of success.<\/p>\n\n\n\n<table id=\"tabulka-problemu\" class=\"zachrana\">\n<tbody>\n<tr>\n<th>Media<\/th>\n<th>recovery success rate<\/th>\n<th>more about success recovery<\/th>\n<\/tr>\n<tr>\n<td>Hard disk and external hard disk<\/td>\n<td>95 \u2013 100 %<\/td>\n<td><a href=\"https:\/\/www.datahelp.cz\/cenik-zachrany-dat\/harddisk\/\">more<\/a><\/td>\n<\/tr>\n<tr>\n<td>Flash disk<\/td>\n<td>98 \u2013 100 %<\/td>\n<td><a href=\"https:\/\/www.datahelp.cz\/cenik-zachrany-dat\/flashdisk-pametova-karta-mobilni-telefon\/\">more<\/a><\/td>\n<\/tr>\n<tr>\n<td>SD card<\/td>\n<td>98 \u2013 100 %<\/td>\n<td><a href=\"https:\/\/www.datahelp.cz\/cenik-zachrany-dat\/flashdisk-pametova-karta-mobilni-telefon\/\">more<\/a><\/td>\n<\/tr>\n<tr>\n<td>Raid array<\/td>\n<td>95 \u2013 100 %<\/td>\n<td><a href=\"https:\/\/www.datahelp.cz\/cenik-zachrany-dat\/raid-pole\/\">more<\/a><\/td>\n<\/tr>\n<tr>\n<td>SSD disc<\/td>\n<td>98 %<\/td>\n<td><a href=\"https:\/\/www.datahelp.cz\/cenik-zachrany-dat\/ssd-disk\/\">more<\/a><\/td>\n<\/tr>\n<\/tbody>\n<\/table>","protected":false},"excerpt":{"rendered":"<p>Pr\u016fb\u011bh z\u00e1chrany dat 1. DIAGNOSTIKA Diagnostika vadn\u00e9ho m\u00e9dia ur\u010d\u00ed z\u00e1vadu, \u010dasovou n\u00e1ro\u010dnost a cenu za obnovu po\u017eadovan\u00fdch dat. O v\u00fdsledku diagnostiky jste informov\u00e1ni telefonicky na V\u00e1mi zvolen\u00e9 telefonn\u00ed \u010d\u00edslo do dvou hodin od odevzd\u00e1n\u00ed m\u00e9dia k diagnostice. (diagnostika do 2 hodin pouze p\u0159i p\u0159ed\u00e1n\u00ed na centr\u00e1le) 2. Z\u00c1CHRANA DAT K z\u00e1chran\u011b Va\u0161ich dat p\u0159istoup\u00edme okam\u017eit\u011b [&hellip;]<\/p>\n","protected":false},"author":1,"featured_media":0,"parent":0,"menu_order":0,"comment_status":"closed","ping_status":"closed","template":"","meta":{"_coblocks_attr":"","_coblocks_dimensions":"","_coblocks_responsive_height":"{\"coblocks-shape-divider-07113253976\":{\"shapeHeight\":{\"height\":65},\"backgroundHeight\":{\"height\":20}}}","_coblocks_accordion_ie_support":"","footnotes":""},"class_list":["post-183","page","type-page","status-publish","hentry"],"_links":{"self":[{"href":"http:\/\/tomorrows.cz\/en\/wp-json\/wp\/v2\/pages\/183","targetHints":{"allow":["GET"]}}],"collection":[{"href":"http:\/\/tomorrows.cz\/en\/wp-json\/wp\/v2\/pages"}],"about":[{"href":"http:\/\/tomorrows.cz\/en\/wp-json\/wp\/v2\/types\/page"}],"author":[{"embeddable":true,"href":"http:\/\/tomorrows.cz\/en\/wp-json\/wp\/v2\/users\/1"}],"replies":[{"embeddable":true,"href":"http:\/\/tomorrows.cz\/en\/wp-json\/wp\/v2\/comments?post=183"}],"version-history":[{"count":16,"href":"http:\/\/tomorrows.cz\/en\/wp-json\/wp\/v2\/pages\/183\/revisions"}],"predecessor-version":[{"id":1070,"href":"http:\/\/tomorrows.cz\/en\/wp-json\/wp\/v2\/pages\/183\/revisions\/1070"}],"wp:attachment":[{"href":"http:\/\/tomorrows.cz\/en\/wp-json\/wp\/v2\/media?parent=183"}],"curies":[{"name":"wp","href":"https:\/\/api.w.org\/{rel}","templated":true}]}}