{"id":43,"date":"2020-12-08T13:50:11","date_gmt":"2020-12-08T13:50:11","guid":{"rendered":"http:\/\/tomorrows.cz\/?page_id=43"},"modified":"2025-04-24T14:10:01","modified_gmt":"2025-04-24T14:10:01","slug":"about","status":"publish","type":"page","link":"http:\/\/tomorrows.cz\/en\/about\/","title":{"rendered":"About us"},"content":{"rendered":"<div data-colibri-id=\"43-c1\" class=\"style-377 style-local-43-c1 position-relative\">\n  <!---->\n  <div data-colibri-component=\"section\" data-colibri-id=\"43-c2\" id=\"about\" class=\"h-section h-section-global-spacing d-flex align-items-lg-center align-items-md-center align-items-center style-428 style-local-43-c2 position-relative\">\n    <!---->\n    <!---->\n    <div class=\"h-section-grid-container h-section-boxed-container\">\n      <div data-colibri-id=\"43-c7\" class=\"h-row-container gutters-row-lg-2 gutters-row-md-2 gutters-row-2 gutters-row-v-lg-2 gutters-row-v-md-2 gutters-row-v-2 style-433 style-local-43-c7 position-relative\">\n        <!---->\n        <div class=\"h-row justify-content-lg-center justify-content-md-center justify-content-center align-items-lg-stretch align-items-md-stretch align-items-stretch gutters-col-lg-2 gutters-col-md-2 gutters-col-2 gutters-col-v-lg-2 gutters-col-v-md-2 gutters-col-v-2\">\n          <!---->\n          <div class=\"h-column h-column-container d-flex h-col-lg-auto h-col-md-auto h-col-auto style-434-outer style-local-43-c8-outer\">\n            <div data-colibri-id=\"43-c8\" class=\"d-flex h-flex-basis h-column__inner h-px-lg-2 h-px-md-2 h-px-2 v-inner-lg-2 v-inner-md-2 v-inner-2 style-434 style-local-43-c8 position-relative\">\n              <!---->\n              <!---->\n              <div class=\"w-100 h-y-container h-column__content h-column__v-align flex-basis-100 align-self-lg-start align-self-md-start align-self-start\">\n                <!---->\n                <div data-colibri-id=\"43-c9\" class=\"h-global-transition-all h-heading style-435 style-local-43-c9 position-relative h-element\">\n                  <!---->\n                  <div class=\"h-heading__outer style-435 style-local-43-c9\">\n                    <!---->\n                    <!---->\n                    <h5 class=\"\"><\/h5>\n                  <\/div>\n                <\/div>\n                <div data-colibri-id=\"43-c10\" class=\"h-global-transition-all h-heading style-436 style-local-43-c10 position-relative h-element\">\n                  <!---->\n                  <div class=\"h-heading__outer style-436 style-local-43-c10\">\n                    <!---->\n                    <!---->\n                    <h2 class=\"\">We have been here for you since 2002 and we are just people, just like you<\/h2>\n                  <\/div>\n                <\/div>\n                <div data-colibri-id=\"43-c11\" class=\"h-text h-text-component style-437 style-local-43-c11 position-relative h-element\">\n                  <!---->\n                  <!---->\n                  <div class=\"\">\n                    <p><span style=\"font-weight: 400; font-size: 16px; font-family: &quot;Open Sans&quot;; color: rgb(23, 37, 42);\">Tomorrow Systems s.r.o. je stabiln\u00ed \u010desk\u00e1 spole\u010dnost orientuj\u00edc\u00ed se na progresivn\u00ed odv\u011btv\u00ed IT trhu s 23 letou histori\u00ed. Ne\u010dekanou shodou okolnost\u00ed se firma vyvinula b\u011bhem n\u011bkolika let v progresivn\u00edho hr\u00e1\u010de na trhu IT technologi\u00ed, hodnot\u00edce zp\u011bt, jak k tomu do\u0161lo, nenapad\u00e1 n\u00e1s jin\u00e9 vysv\u011btlen\u00ed, ne\u017e \u017ee n\u00e1\u0161 p\u0159\u00edstup k lidem a z\u00e1kazn\u00edk\u016fm jest prost\u011b lid\u0161t\u011bj\u0161\u00ed, p\u0159\u00e1tel\u0161t\u011bj\u0161\u00ed a jin\u00fd. D\u011bl\u00e1 n\u00e1m radost moci pomoct ka\u017ed\u00e9mu jednotlivci, a na\u0161e pr\u00e1ce n\u00e1s bav\u00ed a kdosi prohl\u00e1sil, \u017ee pokud nejste l\u00edn\u00ed nebo neschopn\u00ed, v\u0161e se da\u0159\u00ed.<\/span><\/p>\n                    <p><span style=\"font-weight: 400; font-size: 16px; font-family: &quot;Open Sans&quot;; color: rgb(23, 37, 42);\">We do not want to waste the memory of our web server unnecessarily and we will not describe our way up or our prospects for an even better next one. Instead, we announce that Tomorrow Systems is a collective of normal, and we are not afraid to tell - even capable - individuals. We approach this with complete professionalism of our own. The goal is by no means just resale, from this there are other products such as stone heating without any creation of price, product and other support. <\/span><\/p>\n                    <p><span style=\"font-weight: 400; font-size: 16px; font-family: &quot;Open Sans&quot;; color: rgb(23, 37, 42);\">Tomorrow Systems s.r.o.&nbsp;je v\u00fdrobcem a distributorem zna\u010dek 524WiFi, WODASIGN, WODAPLUG a COMPEX kter\u00e9 vyr\u00e1b\u00ed za\u0159\u00edzen\u00ed pro z\u00edt\u0159ej\u0161\u00ed technologie nap\u0159\u00edklad www.524wifi.net, www.wodaplug.com a www.wodasign.net. Tomorrow Systems s.r.o. tak\u00e9 podnik\u00e1 v oblasti z\u00e1chrany dat a IT bezpe\u010dnosti. Tomorrow Systems s.r.o.&nbsp;vlastn\u00ed \u0159adu eshop\u016f, viz sekce &#8222;Na\u0161e e-shopy&#8220;. <\/span><\/p>\n                    <p><span style=\"font-weight: 400; font-size: 16px; font-family: &quot;Open Sans&quot;; color: rgb(23, 37, 42);\">We have branches in Prague and M\u011bln\u00edk - it's simple, we use what others dedicate 268.33 lines to describe the latest technologies - we use online servers and a terminal in real time. Tomorrow Systems s.r.o. it simply supports its partners and customers as they do us, our word pays and we will want the same approach from all of you. Although a little rotten, at least we will try to behave as it should. We apologize to everyone who was waiting for the introduction of the company, which can be found everywhere, the empty and meaningless copied words are.<\/span><\/p>\n                    <h2>Ohl\u00e9dnut\u00ed za rokem 2024 -nejzaj\u00edmav\u011bj\u0161\u00ed realizovan\u00e9 projekty<\/h2>\n                    <p>Tak n\u00e1m uplynul velmi zaj\u00edmav\u00fd a n\u00e1ro\u010dn\u00fd rok 2024, dovolte n\u00e1m se pod\u011blit o nejzaj\u00edmav\u011bj\u0161\u00ed n\u00e1mi realizovan\u00e9 projekty.<\/p>\n                    <p>Takov\u00fd typick\u00fd projekt pro Wi-Fi \u010di PON infrastrukturu m\u00e1 n\u011bkolik \u010d\u00e1st\u00ed , p\u0159\u00edpravn\u00e1 \u010d\u00e1st trv\u00e1 i rok \u010di dva ne\u017e se posunete do f\u00e1ze prvn\u00ed instalace a pak n\u011bkolik dal\u0161\u00edch let v\u011bnujete roz\u0161i\u0159ov\u00e1n\u00ed instalac\u00ed a \u00fadr\u017eb\u011b do doby \u017eivotnosti\n                      projektu. Je tedy kl\u00ed\u010dov\u00e9 si na za\u010d\u00e1tku vybrat vhodn\u00e9 \u0159e\u0161en\u00ed. A to je pr\u00e1v\u011b podstata na\u0161\u00ed pr\u00e1ce. V\u00fdb\u011br a lad\u011bn\u00ed vhodn\u00fdch \u0159e\u0161en\u00ed s na\u0161imi partnery.<\/p>\n                    <p>Testov\u00e1n\u00ed a lad\u011bn\u00ed n\u00e1s bav\u00ed, ale do t\u00e9to prvn\u00ed etapy spadaj\u00ed i zdlouhav\u00e9 n\u00e1ro\u010dn\u00e9 certifikce CE, FCC, IC, ISO, ROHS, REACH a dal\u0161\u00ed a tak\u00e9 \u00famorn\u00e9 vypl\u0148ov\u00e1n\u00ed legislativn\u00edch formul\u00e1\u0159\u016f ohledn\u011b nepou\u017e\u00edv\u00e1n\u00ed zak\u00e1zan\u00fdch a nebezpe\u010dn\u00fdch l\u00e1tek\n                      p\u0159i v\u00fdrob\u011b \u2013 SVHC (substances of very high concern), POP (persistent organic pollutants), Per-and Polyfluoroalkyl Substances \u2013 PFAS, LC-PFCAs (Long-chain perfluorocarboxylic acids), MCCP&nbsp;(Medium chain chlorinated paraffins),\n                      Chlorpyrifos (also known by the trade names Dursban, OMS 0971,&nbsp;Lorsban, Brodan, Killmaster, Pyrinex, Suscon, Coroban, Terial, Danusban, Durmet, and Eradex). Nov\u011b n\u00e1m p\u0159ibyly z\u00e1bavn\u00e9 formul\u00e1\u0159e ohledn\u011b udr\u017eitelnosti a uhl\u00edkov\u00e9\n                      stopy. Ano, i to um\u00edme \u00fasp\u011b\u0161n\u011b vyplnit. A d\u00edky tomu jsme pomohli na\u0161im partner\u016fm z\u00edskat n\u011bkolik zaj\u00edmav\u00fdch projekt\u016f s vyu\u017eit\u00edm dotac\u00ed z EU. A i pro projekty v USA a Kanad\u011b na\u0161e certifikace a formul\u00e1\u0159e pro\u0161ly n\u00e1ro\u010dn\u00fdm schvalovac\u00edm\n                      \u0159\u00edzen\u00edm. D\u00edky tomu byl t\u011b\u017ek\u00fd rok 2024 nakonec celkem \u00fasp\u011b\u0161n\u00fd.<\/p>\n                    <p>Evropa je j\u00ed\u017e Wi-Fi \u0159e\u0161en\u00edmi jako jsou hotspoty a Wi-Fi p\u0159ipojen\u00ed pro cestuj\u00edc\u00ed a z\u00e1kazn\u00edky celkem p\u0159epln\u011bna. Asi nen\u00ed ani jedna evropsk\u00e1 zem\u011b kde by na\u0161e Wi-Fi moduly ji\u017e \u0159adu let neslou\u017eily pro profesion\u00e1ln\u00ed \u0159e\u0161en\u00ed Wi-Fi p\u0159ipojen\u00ed.\n                      Na\u0161e moduly jezd\u00ed nap\u0159\u00edklad ve vlac\u00edch a autobusech po cel\u00e9 Evrop\u011b. Samoz\u0159ejm\u011b i v lo\u0148sk\u00e9m roce jsem jejich po\u010det nav\u00fd\u0161ili a doplnili i nov\u00e9 projekty s vyu\u017eit\u00edm Wi-Fi 6. Zvl\u00e1\u0161t\u011b Mediatek MT7915 a MT7916 moduly se osv\u011bd\u010dily pro aplikaci\n                      Wi-Fi pro cestuj\u00edc\u00ed a z\u00e1kazn\u00edky a d\u00edky nov\u00e9 funkcionalit\u011b DBDC (dual band dual concurrent) u\u0161et\u0159ili n\u00e1klady na implementaci, jeden modul toti\u017e zvl\u00e1dne vytvo\u0159it dv\u011b nez\u00e1visl\u00e9 Wi-Fi s\u00edt\u011b v p\u00e1smu 2,4GHz i 5GHz a nov\u011b i v p\u00e1smu WiFi6E\n                      6GHz. Tyto moduly nab\u00edz\u00ed velmi v\u00fdkonn\u00fd HW AP mod s dobr\u00fdm pokryt\u00edm sign\u00e1lem a podporou velk\u00e9ho mno\u017estv\u00ed sou\u010dasn\u011b p\u0159ipojen\u00fdch klient\u016f.<\/p>\n                    <p>Na\u0161e osv\u011bd\u010den\u00e9 802.11ac WiFi 5 moduly s \u010dipem QCA 9880 \/ 9882 na\u0161ly uplatn\u011bn\u00ed v projektech i v dalek\u00e9 Asii. Ve spolupr\u00e1ci s partnerem jsem \u00fasp\u011b\u0161n\u011b zah\u00e1jili projekt Wi-Fi pro cestuj\u00edc\u00ed ve vlac\u00edch v Kazachst\u00e1nu. Tento projekt byl hlavn\u011b\n                      zaj\u00edmav\u00fd pom\u011brn\u011b velk\u00fdm rozsahem a d\u00e9lkou trv\u00e1n\u00ed. Proto jsme byly nuceni zajistit stabiln\u00ed dod\u00e1vku t\u011bchto star\u00fdch dobr\u00fdch osv\u011bd\u010den\u00edch \u010dip\u016f a\u017e do roku 2028. To bylo asi to nejt\u011b\u017e\u0161\u00ed \u2013 ale i to jsme snad zvl\u00e1dli. M\u016f\u017eeme proto v\u0161em z\u00e1jemc\u016fm\n                      osv\u011bd\u010den\u00e9 moduly 524WiFi 600VX a 900VX pro + nab\u00edzet i nad\u00e1le bez omezen\u00ed dod\u00e1vek.<\/p>\n                    <p>Tyto spolehliv\u00e9 a v\u00fdkonn\u00e9 miniPCIe moduly jsou pro velk\u00fd dosah a citlivost popul\u00e1rn\u00ed o pro pou\u017eit\u00ed v dronech. A tak jednou z nejv\u00fdznamn\u011bj\u0161\u00edch zak\u00e1zek je nyn\u00ed zbrojn\u00ed zak\u00e1zka z USA. WLE 900VX Wi-Fi moduly budou pom\u00e1hat p\u0159esn\u011b a spolehliv\u011b\n                      ovl\u00e1dat vojensk\u00e9 drony. St\u00e1le pokra\u010duj\u00ed i instalace pr\u016fmyslov\u00e9 verze 524WiFi 900VX Pro+ do letadel, na tom spolupracujeme tak\u00e9 s partnerem z USA.<\/p>\n                    <p>Jak jist\u011b v\u00edte tak na\u0161e moduly najdete nap\u0159\u00edklad i ve v\u011btrn\u00fdch elektr\u00e1rn\u00e1ch, v dronech, na lod\u00edch, v letadlech jak civiln\u00edch, akrobatick\u00fdch tak i vojensk\u00fdch \u2026na zemi, na vod\u011b i ve vzduchu. I NASA si objednala vzorky, tak\u017ee dal\u0161\u00edm c\u00edlem\n                      je dostat se do vesm\u00edru! A i na tom jsme v roce 2024 pracovali. Nov\u011b ve spolupr\u00e1ci se SpaceX, aktu\u00e1ln\u011b testuj\u00ed na\u0161e Mediatek WiFi 6 a 6E moduly.<\/p>\n                    <p>V po\u010d\u00e1tc\u00edch realizace je n\u011bkolik projekt\u016f s aplikac\u00ed Smart city, Smart \u0159\u00edzen\u00ed v pr\u016fmyslu \u010di AI powered pr\u016fmyslov\u00e1 \u0159e\u0161en\u00ed. Mnoh\u00e9 z nich vy\u017eaduj\u00ed v\u00fdkonn\u00fd real time streaming , pom\u00e1h\u00e1me tedy na\u0161im partner\u016fm s v\u00fdb\u011brem a testov\u00e1n\u00ed Wi-Fi\n                      6E modul\u016f s \u010dipem Qualcomm QCN 9074. Nov\u011b dokon\u010dujeme i podporu pro WiFi 7 moduly QCN 9274 jejich\u017e pou\u017eit\u00ed bylo zat\u00edm omezeno pro platformu QCA IPQ procesor\u016f. Ji\u017e brzy zve\u0159ejn\u00edme jak na to v Linuxov\u00fdch syst\u00e9mech s opensource drivery\n                      ath12k. Tak to je n\u00e1\u0161 \u00fakol na za\u010d\u00e1tek roku 2025. V\u00edme \u017ee x86 platforma s Linux syst\u00e9mem \u010di OpenWRT jsou pro na\u0161e z\u00e1kazn\u00edky nejd\u016fle\u017eit\u011bj\u0161\u00ed pro v\u00fdvoj jejich aplikac\u00ed. Velmi zaj\u00edmav\u00fd je tak\u00e9 projekt OpenWiFi , s touto platform jsme\n                      za\u010dali spolupracovat v lo\u0148sk\u00e9m roce a n\u00e1\u0161 nov\u00fd HW podporuje OpenWiFi firmware! V\u00edce se do\u010dtete v jednotliv\u00fdch \u010dl\u00e1nc\u00edch na na\u0161em blogu.<\/p>\n                    <p>Tak p\u011bkn\u00fd nov\u00fd rok 2025 a jen to nejlep\u0161\u00ed v\u0161em p\u0159eje 524WiFi team !<\/p>\n                    <p>\n                      <br>\n                    <\/p>\n                    <p><span style=\"font-weight: 400; font-size: 16px; font-family: &quot;Open Sans&quot;; color: rgb(23, 37, 42);\">D\u011bkujeme za pozornost a t\u011b\u0161\u00edme se na V\u00e1s &#8211; Tomorrow Systems s.r.o.&nbsp;team.<\/span><\/p>\n                  <\/div>\n                <\/div>\n              <\/div>\n            <\/div>\n          <\/div>\n        <\/div>\n      <\/div>\n      <div data-colibri-id=\"43-c3\" class=\"h-row-container gutters-row-lg-0 gutters-row-md-0 gutters-row-0 gutters-row-v-lg-0 gutters-row-v-md-0 gutters-row-v-0 style-429 style-local-43-c3 h-overflow-hidden position-relative\">\n        <!---->\n        <div class=\"h-row justify-content-lg-center justify-content-md-center justify-content-center align-items-lg-end align-items-md-end align-items-end gutters-col-lg-0 gutters-col-md-0 gutters-col-0 gutters-col-v-lg-0 gutters-col-v-md-0 gutters-col-v-0\">\n          <!---->\n          <div class=\"h-column h-column-container d-flex h-col-lg-auto h-col-md-auto h-col-auto align-self-lg-end align-self-md-end align-self-end style-430-outer style-local-43-c4-outer\">\n            <div data-colibri-id=\"43-c4\" class=\"d-flex h-flex-basis h-column__inner h-ui-empty-state-container h-px-lg-0 h-px-md-0 h-px-0 v-inner-lg-0 v-inner-md-0 v-inner-0 style-430 style-local-43-c4 position-relative\">\n              <!---->\n              <!---->\n              <div class=\"w-100 h-y-container h-column__content h-column__v-align flex-basis-100\">\n                <!---->\n              <\/div>\n            <\/div>\n          <\/div>\n          <div class=\"h-column h-column-container d-flex h-col-lg-auto h-col-md-auto h-col-auto align-self-lg-end align-self-md-end align-self-end style-431-outer style-local-43-c5-outer\">\n            <div data-colibri-id=\"43-c5\" class=\"d-flex h-flex-basis h-column__inner h-ui-empty-state-container h-px-lg-0 h-px-md-0 h-px-0 v-inner-lg-0 v-inner-md-0 v-inner-0 style-431 style-local-43-c5 position-relative\">\n              <!---->\n              <!---->\n              <div class=\"w-100 h-y-container h-column__content h-column__v-align flex-basis-100\">\n                <!---->\n              <\/div>\n            <\/div>\n          <\/div>\n          <div class=\"h-column h-column-container d-flex h-col-lg-auto h-col-md-auto h-col-auto align-self-lg-end align-self-md-end align-self-end style-432-outer style-local-43-c6-outer\">\n            <div data-colibri-id=\"43-c6\" class=\"d-flex h-flex-basis h-column__inner h-ui-empty-state-container h-px-lg-0 h-px-md-0 h-px-0 v-inner-lg-0 v-inner-md-0 v-inner-0 style-432 style-local-43-c6 position-relative\">\n              <!---->\n              <!---->\n              <div class=\"w-100 h-y-container h-column__content h-column__v-align flex-basis-100\">\n                <!---->\n              <\/div>\n            <\/div>\n          <\/div>\n        <\/div>\n      <\/div>\n    <\/div>\n  <\/div>\n<\/div>","protected":false},"excerpt":{"rendered":"<p>Jsme tu pro V\u00e1s ji\u017e od roku 2002 a jsme jen lidi, stejn\u011b jako Vy Tomorrow Systems s.r.o. je stabiln\u00ed \u010desk\u00e1 spole\u010dnost orientuj\u00edc\u00ed se na progresivn\u00ed odv\u011btv\u00ed IT trhu s 23 letou histori\u00ed. Ne\u010dekanou shodou okolnost\u00ed se firma vyvinula b\u011bhem n\u011bkolika let v progresivn\u00edho hr\u00e1\u010de na trhu IT technologi\u00ed, hodnot\u00edce zp\u011bt, jak k tomu do\u0161lo, [&hellip;]<\/p>\n","protected":false},"author":1,"featured_media":0,"parent":0,"menu_order":0,"comment_status":"closed","ping_status":"closed","template":"page-templates\/full-width-page.php","meta":{"_coblocks_attr":"","_coblocks_dimensions":"","_coblocks_responsive_height":"","_coblocks_accordion_ie_support":"","footnotes":""},"class_list":["post-43","page","type-page","status-publish","hentry"],"_links":{"self":[{"href":"http:\/\/tomorrows.cz\/en\/wp-json\/wp\/v2\/pages\/43","targetHints":{"allow":["GET"]}}],"collection":[{"href":"http:\/\/tomorrows.cz\/en\/wp-json\/wp\/v2\/pages"}],"about":[{"href":"http:\/\/tomorrows.cz\/en\/wp-json\/wp\/v2\/types\/page"}],"author":[{"embeddable":true,"href":"http:\/\/tomorrows.cz\/en\/wp-json\/wp\/v2\/users\/1"}],"replies":[{"embeddable":true,"href":"http:\/\/tomorrows.cz\/en\/wp-json\/wp\/v2\/comments?post=43"}],"version-history":[{"count":20,"href":"http:\/\/tomorrows.cz\/en\/wp-json\/wp\/v2\/pages\/43\/revisions"}],"predecessor-version":[{"id":1697,"href":"http:\/\/tomorrows.cz\/en\/wp-json\/wp\/v2\/pages\/43\/revisions\/1697"}],"wp:attachment":[{"href":"http:\/\/tomorrows.cz\/en\/wp-json\/wp\/v2\/media?parent=43"}],"curies":[{"name":"wp","href":"https:\/\/api.w.org\/{rel}","templated":true}]}}